{"id":203,"date":"2021-12-17T16:46:02","date_gmt":"2021-12-17T16:46:02","guid":{"rendered":"https:\/\/startersites.io\/blocksy\/garderobe\/?page_id=203"},"modified":"2025-08-20T01:36:56","modified_gmt":"2025-08-20T04:36:56","slug":"sobre-nosotros","status":"publish","type":"page","link":"https:\/\/abrafeg.com.ar\/?page_id=203","title":{"rendered":"Sobre Nosotros"},"content":{"rendered":"\n<div class=\"wp-block-stackable-columns alignfull stk-block-columns stk-block stk-626ebfe stk-block-background\" data-block-id=\"626ebfe\"><style>.stk-626ebfe {padding-top:150px !important;padding-bottom:340px !important;margin-bottom:0px !important;}@media screen and (max-width:999px){.stk-626ebfe {padding-top:110px !important;padding-bottom:300px !important;}}<\/style><div class=\"stk-row stk-inner-blocks stk-block-content stk-content-align stk-626ebfe-column\">\n<div class=\"wp-block-stackable-column stk-block-column stk-column stk-block stk-ce7a188\" data-v=\"4\" data-block-id=\"ce7a188\"><style>.stk-ce7a188-container{margin-top:0px !important;margin-right:0px !important;margin-bottom:0px !important;margin-left:0px !important;}<\/style><div class=\"stk-column-wrapper stk-block-column__content stk-container stk-ce7a188-container stk--no-background stk--no-padding\"><div class=\"has-text-align-center stk-block-content stk-inner-blocks stk-ce7a188-inner-blocks\">\n\n\n\n<div class=\"wp-block-stackable-heading stk-block-heading stk-block-heading--v2 stk-block stk-83aa64e\" id=\"sobre-nosotros\" data-block-id=\"83aa64e\"><style>.stk-83aa64e {margin-top:15px !important;}.stk-83aa64e .stk-block-heading__text{font-size:70px !important;}@media screen and (max-width:999px){.stk-83aa64e .stk-block-heading__text{font-size:40px !important;}}<\/style><h2 class=\"stk-block-heading__text has-text-align-center\">Sobre Nosotros<\/h2><\/div>\n<\/div><\/div><\/div>\n<\/div><\/div>\n\n\n\n<div class=\"wp-block-stackable-columns stk-block-columns stk-block stk-b2ae33e stk-block-background stk--has-background-overlay\" data-block-id=\"b2ae33e\"><style>.stk-b2ae33e {background-color:var(--theme-palette-color-4, #131117) !important;background-image:url(http:\/\/abrafeg.com.ar\/wp-content\/uploads\/2021\/12\/shop-sale-cta-background.svg) !important;background-position:bottom right !important;background-repeat:no-repeat !important;background-size:auto !important;padding-top:0px !important;padding-right:40px !important;padding-bottom:40px !important;padding-left:40px !important;margin-top:-120px !important;margin-bottom:0px !important;overflow:visible !important;}.stk-b2ae33e:before{background-color:var(--theme-palette-color-4, #131117) !important;opacity:0.9 !important;}.stk-b2ae33e .stk-container{overflow:visible !important;}.stk-b2ae33e-column{--stk-column-gap:70px !important;row-gap:50px !important;}@media screen and (max-width:689px){.stk-b2ae33e {padding-top:0px !important;padding-right:30px !important;padding-bottom:40px !important;padding-left:30px !important;}}<\/style><div class=\"stk-row stk-inner-blocks stk-block-content stk-content-align stk-b2ae33e-column\">\n<div class=\"wp-block-stackable-column stk-block-column stk-column stk-block stk-2c7ce1b\" data-v=\"4\" data-block-id=\"2c7ce1b\"><style>.stk-2c7ce1b-container{margin-top:0px !important;margin-right:0px !important;margin-bottom:0px !important;margin-left:0px !important;}@media screen and (min-width:690px){.stk-2c7ce1b {flex:var(--stk-flex-grow, 1) 1 calc(43% - var(--stk-column-gap, 0px) * 1 \/ 2 ) !important;}}@media screen and (min-width:690px) and (max-width:999px){.stk-2c7ce1b {flex:var(--stk-flex-grow, 1) 1 calc(100% - var(--stk-column-gap, 0px) * 0 \/ 1 ) !important;}}<\/style><div class=\"stk-column-wrapper stk-block-column__content stk-container stk-2c7ce1b-container stk--no-background stk--no-padding\"><div class=\"stk-block-content stk-inner-blocks stk-2c7ce1b-inner-blocks\">\n<div class=\"wp-block-stackable-image stk-block-image stk-block stk-2ef1bf9\" data-block-id=\"2ef1bf9\"><style>.stk-2ef1bf9 {margin-top:-100px !important;}@media screen and (max-width:999px){.stk-2ef1bf9 .stk-img-wrapper{height:500px !important;}}<\/style><figure><span class=\"stk-img-wrapper stk-image--shape-stretch\"><img fetchpriority=\"high\" decoding=\"async\" class=\"stk-img wp-image-838\" src=\"http:\/\/abrafeg.com.ar\/wp-content\/uploads\/2025\/08\/Diseno-sin-titulo.jpg\" width=\"500\" height=\"500\" srcset=\"https:\/\/abrafeg.com.ar\/wp-content\/uploads\/2025\/08\/Diseno-sin-titulo.jpg 500w, https:\/\/abrafeg.com.ar\/wp-content\/uploads\/2025\/08\/Diseno-sin-titulo-300x300.jpg 300w, https:\/\/abrafeg.com.ar\/wp-content\/uploads\/2025\/08\/Diseno-sin-titulo-150x150.jpg 150w, https:\/\/abrafeg.com.ar\/wp-content\/uploads\/2025\/08\/Diseno-sin-titulo-100x100.jpg 100w\" sizes=\"(max-width: 500px) 100vw, 500px\" \/><\/span><\/figure><\/div>\n<\/div><\/div><\/div>\n\n\n\n<div class=\"wp-block-stackable-column stk-block-column stk-column stk-block stk-a715aa5\" data-v=\"4\" data-block-id=\"a715aa5\"><style>.stk-a715aa5-container{margin-top:0px !important;margin-right:0px !important;margin-bottom:0px !important;margin-left:0px !important;}.stk-a715aa5 {padding-top:90px !important;}@media screen and (min-width:690px){.stk-a715aa5 {flex:var(--stk-flex-grow, 1) 1 calc(57% - var(--stk-column-gap, 0px) * 1 \/ 2 ) !important;}}@media screen and (min-width:690px) and (max-width:999px){.stk-a715aa5 {flex:var(--stk-flex-grow, 1) 1 calc(100% - var(--stk-column-gap, 0px) * 0 \/ 1 ) !important;}}@media screen and (max-width:999px){.stk-a715aa5 {padding-top:0px !important;}}<\/style><div class=\"stk-column-wrapper stk-block-column__content stk-container stk-a715aa5-container stk--no-background stk--no-padding\"><div class=\"stk-block-content stk-inner-blocks stk-a715aa5-inner-blocks\">\n<div class=\"wp-block-stackable-heading stk-block-heading stk-block-heading--v2 stk-block stk-290f15a\" id=\"a-href-abrafeg-s-r-l-a\" data-block-id=\"290f15a\"><style>.stk-290f15a {margin-bottom:40px !important;}.stk-290f15a .stk-block-heading__text{color:var(--theme-palette-color-8, #ffffff) !important;}@media screen and (max-width:999px){.stk-290f15a {margin-bottom:30px !important;}.stk-290f15a .stk-block-heading__text{font-size:30px !important;}}<\/style><h2 class=\"stk-block-heading__text has-text-color has-palette-color-8-color stk-block-heading--use-theme-margins\"><a href=\"#\">ABRAFEG S.R.L.<\/a><\/h2><\/div>\n\n\n\n<div class=\"wp-block-stackable-columns stk-block-columns stk-block stk-97bf972\" data-block-id=\"97bf972\"><style>.stk-97bf972-column{--stk-column-gap:50px !important;row-gap:50px !important;}<\/style><div class=\"stk-row stk-inner-blocks stk-block-content stk-content-align stk-97bf972-column\">\n<div class=\"wp-block-stackable-column stk-block-column stk-column stk-block stk-77f1576\" data-v=\"4\" data-block-id=\"77f1576\"><style>.stk-77f1576-container{margin-top:0px !important;margin-right:0px !important;margin-bottom:0px !important;margin-left:0px !important;}<\/style><div class=\"stk-column-wrapper stk-block-column__content stk-container stk-77f1576-container stk--no-background stk--no-padding\"><div class=\"stk-block-content stk-inner-blocks stk-77f1576-inner-blocks\">\n<div class=\"wp-block-stackable-text stk-block-text stk-block stk-721b0ac\" data-block-id=\"721b0ac\"><style>.stk-721b0ac .stk-block-text__text{color:var(--theme-palette-color-8, #ffffff) !important;}<\/style><p class=\"stk-block-text__text has-text-color has-palette-color-8-color\">Somos distribuidores especializados en insumos abrasivos de alta calidad para corte, desbaste, pulido y lijado.<br>Ofrecemos productos resistentes y eficientes, pensados para acompa\u00f1ar a la industria y a los profesionales m\u00e1s exigentes.<\/p><\/div>\n<\/div><\/div><\/div>\n\n\n\n<div class=\"wp-block-stackable-column stk-block-column stk-column stk-block stk-0248535\" data-v=\"4\" data-block-id=\"0248535\"><style>.stk-0248535-container{margin-top:0px !important;margin-right:0px !important;margin-bottom:0px !important;margin-left:0px !important;}<\/style><div class=\"stk-column-wrapper stk-block-column__content stk-container stk-0248535-container stk--no-background stk--no-padding\"><div class=\"stk-block-content stk-inner-blocks stk-0248535-inner-blocks\">\n<div class=\"wp-block-stackable-text stk-block-text stk-block stk-a8b862a\" data-block-id=\"a8b862a\"><style>.stk-a8b862a .stk-block-text__text{color:var(--theme-palette-color-8, #ffffff) !important;}<\/style><p class=\"stk-block-text__text has-text-color has-palette-color-8-color\">Nuestra misi\u00f3n es brindar soluciones confiables que optimicen cada trabajo, asegurando rendimiento, durabilidad y precisi\u00f3n en cada pieza.<\/p><\/div>\n<\/div><\/div><\/div>\n<\/div><\/div>\n<\/div><\/div><\/div>\n<\/div><\/div>\n\n\n\n<div class=\"wp-block-stackable-spacer stk-block-spacer stk--no-padding stk-block stk-aed6e82\" data-block-id=\"aed6e82\"><style>.stk-aed6e82 {height:130px !important;}@media screen and (max-width:999px){.stk-aed6e82 {height:80px !important;}}<\/style><\/div>\n\n\n\n<p><\/p>\n","protected":false},"excerpt":{"rendered":"<p>Sobre Nosotros ABRAFEG S.R.L. Somos distribuidores especializados en insumos abrasivos de alta calidad para corte, desbaste, pulido y lijado.Ofrecemos productos resistentes y eficientes, pensados para acompa\u00f1ar a la industria y a los profesionales m\u00e1s exigentes. Nuestra misi\u00f3n es brindar soluciones confiables que optimicen cada trabajo, asegurando rendimiento, durabilidad y precisi\u00f3n en cada pieza.<\/p>\n","protected":false},"author":1,"featured_media":0,"parent":0,"menu_order":0,"comment_status":"closed","ping_status":"closed","template":"","meta":{"_eb_attr":"","wpupg_custom_link":[],"wpupg_custom_link_behaviour":[],"wpupg_custom_link_nofollow":[],"wpupg_custom_image":[],"wpupg_custom_image_id":[],"_joinchat":[],"footnotes":""},"class_list":["post-203","page","type-page","status-publish","hentry"],"blocksy_meta":{"styles_descriptor":{"styles":{"desktop":"","tablet":"","mobile":""},"google_fonts":[],"version":6},"page_title_panel":"","has_hero_section":"disabled","cae18c3de7bedc5b6f53f33572e01345":"","hero_section":"type-1","hero_elements":[{"id":"custom_title","enabled":true,"heading_tag":"h1","title":"Home"},{"id":"custom_description","enabled":true,"description_visibility":{"desktop":true,"tablet":true,"mobile":false}},{"id":"custom_meta","enabled":false,"meta_elements":[{"id":"author","enabled":true,"label":"By","has_author_avatar":"yes","avatar_size":25},{"id":"post_date","enabled":true,"label":"On","date_format_source":"default","date_format":"M j, Y"},{"id":"updated_date","enabled":false,"label":"On","date_format_source":"default","date_format":"M j, Y"},{"id":"categories","enabled":false,"label":"In","style":"simple"},{"id":"comments","enabled":true}],"page_meta_elements":{"joined":true,"articles_count":true,"comments":true}},{"id":"breadcrumbs","enabled":false}],"36e4f14ca74f76b48dbacffcd0ea6f6d":"","hero_alignment1":"CT_CSS_SKIP_RULE","hero_margin":40,"hero_alignment2":"center","hero_vertical_alignment":"center","824d71bcf27c0666174c1f297f46a76c":"","hero_structure":"narrow","25a426c6e3c98f1883c681c2edab9ce7":"","page_title_bg_type":"featured_image","custom_hero_background":{"attachment_id":null},"parallax":{"desktop":false,"tablet":false,"mobile":false},"76980b1f4241e0ba1115be40644c3e4a":"","hero_height":"250px","pageTitleFont":{"family":"Default","variation":"Default","size":"30px","line-height":"CT_CSS_SKIP_RULE","letter-spacing":"CT_CSS_SKIP_RULE","text-transform":"CT_CSS_SKIP_RULE","text-decoration":"CT_CSS_SKIP_RULE"},"pageTitleFontColor":{"default":{"color":"CT_CSS_SKIP_RULEDEFAULT"}},"pageMetaFont":{"family":"Default","variation":"n6","size":"12px","line-height":"1.3","letter-spacing":"CT_CSS_SKIP_RULE","text-transform":"uppercase","text-decoration":"CT_CSS_SKIP_RULE"},"pageMetaFontColor":{"default":{"color":"CT_CSS_SKIP_RULEDEFAULT"},"hover":{"color":"CT_CSS_SKIP_RULEDEFAULT"}},"page_meta_button_type_font_colors":{"default":{"color":"CT_CSS_SKIP_RULEDEFAULT"},"hover":{"color":"CT_CSS_SKIP_RULEDEFAULT"}},"page_meta_button_type_background_colors":{"default":{"color":"CT_CSS_SKIP_RULEDEFAULT"},"hover":{"color":"CT_CSS_SKIP_RULEDEFAULT"}},"pageExcerptFont":{"family":"Default","variation":"Default","size":"CT_CSS_SKIP_RULE","line-height":"CT_CSS_SKIP_RULE","letter-spacing":"CT_CSS_SKIP_RULE","text-transform":"CT_CSS_SKIP_RULE","text-decoration":"CT_CSS_SKIP_RULE"},"pageExcerptColor":{"default":{"color":"CT_CSS_SKIP_RULEDEFAULT"}},"breadcrumbsFont":{"family":"Default","variation":"Default","size":"CT_CSS_SKIP_RULE","line-height":"CT_CSS_SKIP_RULE","letter-spacing":"CT_CSS_SKIP_RULE","text-transform":"CT_CSS_SKIP_RULE","text-decoration":"CT_CSS_SKIP_RULE"},"breadcrumbsFontColor":{"default":{"color":"CT_CSS_SKIP_RULEDEFAULT"},"initial":{"color":"CT_CSS_SKIP_RULEDEFAULT"},"hover":{"color":"CT_CSS_SKIP_RULEDEFAULT"}},"pageTitleOverlay":{"background_type":"color","background_pattern":"type-1","background_image":{"attachment_id":null,"x":0,"y":0},"gradient":"linear-gradient(135deg,rgba(6,147,227,1) 0%,rgb(155,81,224) 100%)","background_repeat":"repeat","background_size":"auto","background_attachment":"scroll","patternColor":{"default":{"color":"#e5e7ea"}},"overlayColor":{"default":{"color":"CT_CSS_SKIP_RULE"}},"backgroundColor":{"default":{"color":"CT_CSS_SKIP_RULE"}}},"pageTitleBackground":{"background_type":"color","background_pattern":"type-1","background_image":{"attachment_id":null,"x":0,"y":0},"gradient":"linear-gradient(135deg,rgba(6,147,227,1) 0%,rgb(155,81,224) 100%)","background_repeat":"repeat","background_size":"auto","background_attachment":"scroll","patternColor":{"default":{"color":"#e5e7ea"}},"overlayColor":{"default":{"color":"CT_CSS_SKIP_RULE"}},"backgroundColor":{"default":{"color":"var(--theme-palette-color-6)"}}},"pageTitlePadding":{"top":"50px","bottom":"50px","left":"auto","right":"auto","linked":true},"727838cdb0b1b4a50b61a179627d1773":"","page_structure_type":"default","bf2280b6f99e95fe8df362e1d9c4e945":"","content_style_source":"inherit","content_style":"wide","vertical_spacing_source":"custom","content_area_spacing":"none","background":{"background_type":"color","background_pattern":"type-1","background_image":{"attachment_id":null,"x":0,"y":0},"gradient":"linear-gradient(135deg,rgba(6,147,227,1) 0%,rgb(155,81,224) 100%)","background_repeat":"repeat","background_size":"auto","background_attachment":"scroll","patternColor":{"default":{"color":"#e5e7ea"}},"overlayColor":{"default":{"color":"CT_CSS_SKIP_RULE"}},"backgroundColor":{"default":{"color":"CT_CSS_SKIP_RULE"}}},"content_background":{"background_type":"color","background_pattern":"type-1","background_image":{"attachment_id":null,"x":0,"y":0},"gradient":"linear-gradient(135deg,rgba(6,147,227,1) 0%,rgb(155,81,224) 100%)","background_repeat":"repeat","background_size":"auto","background_attachment":"scroll","patternColor":{"default":{"color":"#e5e7ea"}},"overlayColor":{"default":{"color":"CT_CSS_SKIP_RULE"}},"backgroundColor":{"default":{"color":"var(--theme-palette-color-8)"}}},"content_boxed_shadow":{"inherit":false,"blur":18,"spread":-6,"v_offset":12,"h_offset":0,"inset":false,"enable":true,"color":{"color":"rgba(34, 56, 101, 0.04)"}},"boxed_content_spacing":{"desktop":{"top":"40px","bottom":"40px","left":"40px","right":"40px","linked":true},"tablet":{"top":"35px","bottom":"35px","left":"35px","right":"35px","linked":true},"mobile":{"top":"20px","bottom":"20px","left":"20px","right":"20px","linked":true}},"content_boxed_radius":{"top":"3px","bottom":"3px","left":"3px","right":"3px","linked":true},"203928799f3efe87295f481e9e43b493":"","disable_featured_image":"no","disable_share_box":"no","disable_header":"no","disable_footer":"no"},"yoast_head":"<!-- This site is optimized with the Yoast SEO plugin v27.4 - https:\/\/yoast.com\/product\/yoast-seo-wordpress\/ -->\n<title>Sobre Nosotros - Abrafeg<\/title>\n<meta name=\"description\" content=\"Conoc\u00e9 Abrafeg, expertos en abrasivos industriales en Argentina. Trayectoria, compromiso y calidad.\" \/>\n<meta name=\"robots\" content=\"index, follow, max-snippet:-1, max-image-preview:large, max-video-preview:-1\" \/>\n<link rel=\"canonical\" href=\"https:\/\/abrafeg.com.ar\/?page_id=203\" \/>\n<meta property=\"og:locale\" content=\"es_ES\" \/>\n<meta property=\"og:type\" content=\"article\" \/>\n<meta property=\"og:title\" content=\"Sobre Nosotros - Abrafeg\" \/>\n<meta property=\"og:description\" content=\"Conoc\u00e9 Abrafeg, expertos en abrasivos industriales en Argentina. Trayectoria, compromiso y calidad.\" \/>\n<meta property=\"og:url\" content=\"https:\/\/abrafeg.com.ar\/?page_id=203\" \/>\n<meta property=\"og:site_name\" content=\"Abrafeg\" \/>\n<meta property=\"article:modified_time\" content=\"2025-08-20T04:36:56+00:00\" \/>\n<meta property=\"og:image\" content=\"https:\/\/abrafeg.com.ar\/wp-content\/uploads\/2025\/08\/Diseno-sin-titulo.jpg\" \/>\n\t<meta property=\"og:image:width\" content=\"500\" \/>\n\t<meta property=\"og:image:height\" content=\"500\" \/>\n\t<meta property=\"og:image:type\" content=\"image\/jpeg\" \/>\n<meta name=\"twitter:card\" content=\"summary_large_image\" \/>\n<meta name=\"twitter:label1\" content=\"Tiempo de lectura\" \/>\n\t<meta name=\"twitter:data1\" content=\"1 minuto\" \/>\n<script type=\"application\/ld+json\" class=\"yoast-schema-graph\">{\"@context\":\"https:\\\/\\\/schema.org\",\"@graph\":[{\"@type\":\"WebPage\",\"@id\":\"https:\\\/\\\/abrafeg.com.ar\\\/?page_id=203\",\"url\":\"https:\\\/\\\/abrafeg.com.ar\\\/?page_id=203\",\"name\":\"Sobre Nosotros - Abrafeg\",\"isPartOf\":{\"@id\":\"https:\\\/\\\/abrafeg.com.ar\\\/#website\"},\"primaryImageOfPage\":{\"@id\":\"https:\\\/\\\/abrafeg.com.ar\\\/?page_id=203#primaryimage\"},\"image\":{\"@id\":\"https:\\\/\\\/abrafeg.com.ar\\\/?page_id=203#primaryimage\"},\"thumbnailUrl\":\"http:\\\/\\\/abrafeg.com.ar\\\/wp-content\\\/uploads\\\/2025\\\/08\\\/Diseno-sin-titulo.jpg\",\"datePublished\":\"2021-12-17T16:46:02+00:00\",\"dateModified\":\"2025-08-20T04:36:56+00:00\",\"description\":\"Conoc\u00e9 Abrafeg, expertos en abrasivos industriales en Argentina. Trayectoria, compromiso y calidad.\",\"breadcrumb\":{\"@id\":\"https:\\\/\\\/abrafeg.com.ar\\\/?page_id=203#breadcrumb\"},\"inLanguage\":\"es\",\"potentialAction\":[{\"@type\":\"ReadAction\",\"target\":[\"https:\\\/\\\/abrafeg.com.ar\\\/?page_id=203\"]}]},{\"@type\":\"ImageObject\",\"inLanguage\":\"es\",\"@id\":\"https:\\\/\\\/abrafeg.com.ar\\\/?page_id=203#primaryimage\",\"url\":\"https:\\\/\\\/abrafeg.com.ar\\\/wp-content\\\/uploads\\\/2025\\\/08\\\/Diseno-sin-titulo.jpg\",\"contentUrl\":\"https:\\\/\\\/abrafeg.com.ar\\\/wp-content\\\/uploads\\\/2025\\\/08\\\/Diseno-sin-titulo.jpg\",\"width\":500,\"height\":500},{\"@type\":\"BreadcrumbList\",\"@id\":\"https:\\\/\\\/abrafeg.com.ar\\\/?page_id=203#breadcrumb\",\"itemListElement\":[{\"@type\":\"ListItem\",\"position\":1,\"name\":\"Inicio\",\"item\":\"https:\\\/\\\/abrafeg.com.ar\\\/\"},{\"@type\":\"ListItem\",\"position\":2,\"name\":\"Sobre Nosotros\"}]},{\"@type\":\"WebSite\",\"@id\":\"https:\\\/\\\/abrafeg.com.ar\\\/#website\",\"url\":\"https:\\\/\\\/abrafeg.com.ar\\\/\",\"name\":\"Abrafeg\",\"description\":\"Distribuidor de Abrasivos Industriales\",\"publisher\":{\"@id\":\"https:\\\/\\\/abrafeg.com.ar\\\/#organization\"},\"potentialAction\":[{\"@type\":\"SearchAction\",\"target\":{\"@type\":\"EntryPoint\",\"urlTemplate\":\"https:\\\/\\\/abrafeg.com.ar\\\/?s={search_term_string}\"},\"query-input\":{\"@type\":\"PropertyValueSpecification\",\"valueRequired\":true,\"valueName\":\"search_term_string\"}}],\"inLanguage\":\"es\"},{\"@type\":\"Organization\",\"@id\":\"https:\\\/\\\/abrafeg.com.ar\\\/#organization\",\"name\":\"Abrafeg\",\"url\":\"https:\\\/\\\/abrafeg.com.ar\\\/\",\"logo\":{\"@type\":\"ImageObject\",\"inLanguage\":\"es\",\"@id\":\"https:\\\/\\\/abrafeg.com.ar\\\/#\\\/schema\\\/logo\\\/image\\\/\",\"url\":\"https:\\\/\\\/abrafeg.com.ar\\\/wp-content\\\/uploads\\\/2025\\\/08\\\/Sin-titulo-3.png\",\"contentUrl\":\"https:\\\/\\\/abrafeg.com.ar\\\/wp-content\\\/uploads\\\/2025\\\/08\\\/Sin-titulo-3.png\",\"width\":600,\"height\":300,\"caption\":\"Abrafeg\"},\"image\":{\"@id\":\"https:\\\/\\\/abrafeg.com.ar\\\/#\\\/schema\\\/logo\\\/image\\\/\"}}]}<\/script>\n<!-- \/ Yoast SEO plugin. -->","yoast_head_json":{"title":"Sobre Nosotros - Abrafeg","description":"Conoc\u00e9 Abrafeg, expertos en abrasivos industriales en Argentina. Trayectoria, compromiso y calidad.","robots":{"index":"index","follow":"follow","max-snippet":"max-snippet:-1","max-image-preview":"max-image-preview:large","max-video-preview":"max-video-preview:-1"},"canonical":"https:\/\/abrafeg.com.ar\/?page_id=203","og_locale":"es_ES","og_type":"article","og_title":"Sobre Nosotros - Abrafeg","og_description":"Conoc\u00e9 Abrafeg, expertos en abrasivos industriales en Argentina. Trayectoria, compromiso y calidad.","og_url":"https:\/\/abrafeg.com.ar\/?page_id=203","og_site_name":"Abrafeg","article_modified_time":"2025-08-20T04:36:56+00:00","og_image":[{"width":500,"height":500,"url":"https:\/\/abrafeg.com.ar\/wp-content\/uploads\/2025\/08\/Diseno-sin-titulo.jpg","type":"image\/jpeg"}],"twitter_card":"summary_large_image","twitter_misc":{"Tiempo de lectura":"1 minuto"},"schema":{"@context":"https:\/\/schema.org","@graph":[{"@type":"WebPage","@id":"https:\/\/abrafeg.com.ar\/?page_id=203","url":"https:\/\/abrafeg.com.ar\/?page_id=203","name":"Sobre Nosotros - Abrafeg","isPartOf":{"@id":"https:\/\/abrafeg.com.ar\/#website"},"primaryImageOfPage":{"@id":"https:\/\/abrafeg.com.ar\/?page_id=203#primaryimage"},"image":{"@id":"https:\/\/abrafeg.com.ar\/?page_id=203#primaryimage"},"thumbnailUrl":"http:\/\/abrafeg.com.ar\/wp-content\/uploads\/2025\/08\/Diseno-sin-titulo.jpg","datePublished":"2021-12-17T16:46:02+00:00","dateModified":"2025-08-20T04:36:56+00:00","description":"Conoc\u00e9 Abrafeg, expertos en abrasivos industriales en Argentina. Trayectoria, compromiso y calidad.","breadcrumb":{"@id":"https:\/\/abrafeg.com.ar\/?page_id=203#breadcrumb"},"inLanguage":"es","potentialAction":[{"@type":"ReadAction","target":["https:\/\/abrafeg.com.ar\/?page_id=203"]}]},{"@type":"ImageObject","inLanguage":"es","@id":"https:\/\/abrafeg.com.ar\/?page_id=203#primaryimage","url":"https:\/\/abrafeg.com.ar\/wp-content\/uploads\/2025\/08\/Diseno-sin-titulo.jpg","contentUrl":"https:\/\/abrafeg.com.ar\/wp-content\/uploads\/2025\/08\/Diseno-sin-titulo.jpg","width":500,"height":500},{"@type":"BreadcrumbList","@id":"https:\/\/abrafeg.com.ar\/?page_id=203#breadcrumb","itemListElement":[{"@type":"ListItem","position":1,"name":"Inicio","item":"https:\/\/abrafeg.com.ar\/"},{"@type":"ListItem","position":2,"name":"Sobre Nosotros"}]},{"@type":"WebSite","@id":"https:\/\/abrafeg.com.ar\/#website","url":"https:\/\/abrafeg.com.ar\/","name":"Abrafeg","description":"Distribuidor de Abrasivos Industriales","publisher":{"@id":"https:\/\/abrafeg.com.ar\/#organization"},"potentialAction":[{"@type":"SearchAction","target":{"@type":"EntryPoint","urlTemplate":"https:\/\/abrafeg.com.ar\/?s={search_term_string}"},"query-input":{"@type":"PropertyValueSpecification","valueRequired":true,"valueName":"search_term_string"}}],"inLanguage":"es"},{"@type":"Organization","@id":"https:\/\/abrafeg.com.ar\/#organization","name":"Abrafeg","url":"https:\/\/abrafeg.com.ar\/","logo":{"@type":"ImageObject","inLanguage":"es","@id":"https:\/\/abrafeg.com.ar\/#\/schema\/logo\/image\/","url":"https:\/\/abrafeg.com.ar\/wp-content\/uploads\/2025\/08\/Sin-titulo-3.png","contentUrl":"https:\/\/abrafeg.com.ar\/wp-content\/uploads\/2025\/08\/Sin-titulo-3.png","width":600,"height":300,"caption":"Abrafeg"},"image":{"@id":"https:\/\/abrafeg.com.ar\/#\/schema\/logo\/image\/"}}]}},"_links":{"self":[{"href":"https:\/\/abrafeg.com.ar\/index.php?rest_route=\/wp\/v2\/pages\/203","targetHints":{"allow":["GET"]}}],"collection":[{"href":"https:\/\/abrafeg.com.ar\/index.php?rest_route=\/wp\/v2\/pages"}],"about":[{"href":"https:\/\/abrafeg.com.ar\/index.php?rest_route=\/wp\/v2\/types\/page"}],"author":[{"embeddable":true,"href":"https:\/\/abrafeg.com.ar\/index.php?rest_route=\/wp\/v2\/users\/1"}],"replies":[{"embeddable":true,"href":"https:\/\/abrafeg.com.ar\/index.php?rest_route=%2Fwp%2Fv2%2Fcomments&post=203"}],"version-history":[{"count":6,"href":"https:\/\/abrafeg.com.ar\/index.php?rest_route=\/wp\/v2\/pages\/203\/revisions"}],"predecessor-version":[{"id":840,"href":"https:\/\/abrafeg.com.ar\/index.php?rest_route=\/wp\/v2\/pages\/203\/revisions\/840"}],"wp:attachment":[{"href":"https:\/\/abrafeg.com.ar\/index.php?rest_route=%2Fwp%2Fv2%2Fmedia&parent=203"}],"curies":[{"name":"wp","href":"https:\/\/api.w.org\/{rel}","templated":true}]}}